{"id":121,"date":"2025-07-20T10:13:19","date_gmt":"2025-07-20T10:13:19","guid":{"rendered":"https:\/\/freeves.cluster021.hosting.ovh.net\/index.php\/homepage\/"},"modified":"2025-07-21T12:40:11","modified_gmt":"2025-07-21T12:40:11","slug":"homepage","status":"publish","type":"page","link":"https:\/\/www.freevent.fr\/","title":{"rendered":"Homepage"},"content":{"rendered":"\t\t<div data-elementor-type=\"wp-page\" data-elementor-id=\"121\" class=\"elementor elementor-121\">\n\t\t\t\t<div class=\"elementor-element elementor-element-e3f2963 e-flex e-con-boxed e-con e-parent\" data-id=\"e3f2963\" data-element_type=\"container\" data-e-type=\"container\">\n\t\t\t\t\t<div class=\"e-con-inner\">\n\t\t\t\t\t<\/div>\n\t\t\t\t<\/div>\n\t\t<div class=\"elementor-element elementor-element-746a94f9 e-flex e-con-boxed elementor-invisible e-con e-parent\" data-id=\"746a94f9\" data-element_type=\"container\" data-e-type=\"container\" data-settings=\"{&quot;animation&quot;:&quot;fadeIn&quot;}\">\n\t\t\t\t\t<div class=\"e-con-inner\">\n\t\t\t\t<div class=\"elementor-element elementor-element-6e80f801 elementor-widget elementor-widget-flex-hero\" data-id=\"6e80f801\" data-element_type=\"widget\" data-e-type=\"widget\" data-settings=\"{&quot;image_shape&quot;:&quot;rounded&quot;,&quot;layout_image_position_tablet&quot;:&quot;end&quot;,&quot;layout_preset&quot;:&quot;showcase&quot;,&quot;layout_column_structure&quot;:&quot;50-50&quot;,&quot;layout_image_position&quot;:&quot;end&quot;,&quot;primary_button_shape&quot;:&quot;default&quot;,&quot;box_shape&quot;:&quot;sharp&quot;}\" data-widget_type=\"flex-hero.default\">\n\t\t\t\t<div class=\"elementor-widget-container\">\n\t\t\t\t\t\t\t<div class=\"has-shape-sharp shape-type-box has-column-structure-50-50  ehp-flex-hero has-layout-preset-showcase has-image-position-end has-image-position-md-end\">\n\t\t\t\t\t\t<div class=\"ehp-flex-hero__overlay\"><\/div>\n\t\t\t<div class=\"ehp-flex-hero__content-container\">\n\t\t\t\t<h2 class=\"ehp-flex-hero__heading\">Consultant au service de votre projet.<\/h2><h3 class=\"ehp-flex-hero__subheading\">Ressource int\u00e9gr\u00e9e \u00e0 votre \u00e9quipe d\u00e8s la g\u00e9n\u00e8se de votre projet ou en renfort ponctuel lorsque la mont\u00e9e en puissance se fait ressentir, l'offre Freevent s'adapte \u00e0 toutes les phases de votre \u00e9v\u00e9nement.<br><br>Avec plus de 30 ans d'exp\u00e9rience temps plein dans l'organisation d'\u00e9v\u00e9nements, chaque projet est abord\u00e9 avec l'humilit\u00e9 indispensable pour en respecter son caract\u00e8re n\u00e9anmoins unique.<\/h3>\t\t\t<div class=\"ehp-flex-hero__ctas-container\">\n\t\t\t\t\t\t\t\t\t\t\t<\/div>\n\t\t\t\t\t<\/div>\n\t\t\t\t<div class=\"ehp-flex-hero__image-wrapper\">\n\t\t\t\t\t<div class=\"ehp-image ehp-flex-hero__image-container\">\n\t\t\t\t<img decoding=\"async\" class=\"ehp-image__img ehp-flex-hero__img has-shape-rounded shape-type-image\" src=\"https:\/\/www.freevent.fr\/wp-content\/uploads\/2025\/07\/Gemini_Generated_Image_b43imtb43imtb43i_SD.jpg\" title=\"Gemini_Generated_Image_b43imtb43imtb43i_SD\" alt=\"Gemini_Generated_Image_b43imtb43imtb43i_SD\" loading=\"lazy\" \/>\t\t\t<\/div>\n\t\t\t\t\t<\/div>\n\t\t\t\t<\/div>\n\t\t\t\t\t\t<\/div>\n\t\t\t\t<\/div>\n\t\t\t\t<div class=\"elementor-element elementor-element-966a6cf elementor-absolute elementor-widget-mobile__width-auto elementor-widget-tablet__width-initial e-transform elementor-widget elementor-widget-image\" data-id=\"966a6cf\" data-element_type=\"widget\" data-e-type=\"widget\" data-settings=\"{&quot;_position&quot;:&quot;absolute&quot;,&quot;_animation_mobile&quot;:&quot;fadeIn&quot;,&quot;_transform_rotateZ_effect_hover&quot;:{&quot;unit&quot;:&quot;px&quot;,&quot;size&quot;:50,&quot;sizes&quot;:[]},&quot;_transform_rotateZ_effect_hover_tablet&quot;:{&quot;unit&quot;:&quot;deg&quot;,&quot;size&quot;:&quot;&quot;,&quot;sizes&quot;:[]},&quot;_transform_rotateZ_effect_hover_mobile&quot;:{&quot;unit&quot;:&quot;deg&quot;,&quot;size&quot;:&quot;&quot;,&quot;sizes&quot;:[]}}\" data-widget_type=\"image.default\">\n\t\t\t\t<div class=\"elementor-widget-container\">\n\t\t\t\t\t\t\t\t\t\t\t\t\t\t\t<img fetchpriority=\"high\" decoding=\"async\" width=\"822\" height=\"821\" src=\"https:\/\/www.freevent.fr\/wp-content\/uploads\/2025\/07\/Fichier-10LOGO.webp\" class=\"elementor-animation-shrink attachment-full size-full wp-image-151\" alt=\"\" srcset=\"https:\/\/www.freevent.fr\/wp-content\/uploads\/2025\/07\/Fichier-10LOGO.webp 822w, https:\/\/www.freevent.fr\/wp-content\/uploads\/2025\/07\/Fichier-10LOGO-300x300.webp 300w, https:\/\/www.freevent.fr\/wp-content\/uploads\/2025\/07\/Fichier-10LOGO-150x150.webp 150w, https:\/\/www.freevent.fr\/wp-content\/uploads\/2025\/07\/Fichier-10LOGO-768x767.webp 768w\" sizes=\"(max-width: 822px) 100vw, 822px\" \/>\t\t\t\t\t\t\t\t\t\t\t\t\t\t\t<\/div>\n\t\t\t\t<\/div>\n\t\t\t\t\t<\/div>\n\t\t\t\t<\/div>\n\t\t<div class=\"elementor-element elementor-element-eb7993e e-flex e-con-boxed e-con e-parent\" data-id=\"eb7993e\" data-element_type=\"container\" data-e-type=\"container\">\n\t\t\t\t\t<div class=\"e-con-inner\">\n\t\t\t\t<div class=\"elementor-element elementor-element-6c58942 elementor-widget elementor-widget-heading\" data-id=\"6c58942\" data-element_type=\"widget\" data-e-type=\"widget\" data-widget_type=\"heading.default\">\n\t\t\t\t<div class=\"elementor-widget-container\">\n\t\t\t\t\t<h2 class=\"elementor-heading-title elementor-size-default\">3 domaines d'expertise<\/h2>\t\t\t\t<\/div>\n\t\t\t\t<\/div>\n\t\t\t\t\t<\/div>\n\t\t\t\t<\/div>\n\t\t<div class=\"elementor-element elementor-element-a22f692 e-grid e-con-boxed e-con e-parent\" data-id=\"a22f692\" data-element_type=\"container\" data-e-type=\"container\" data-settings=\"{&quot;background_background&quot;:&quot;slideshow&quot;,&quot;background_slideshow_gallery&quot;:[],&quot;background_slideshow_loop&quot;:&quot;yes&quot;,&quot;background_slideshow_slide_duration&quot;:5000,&quot;background_slideshow_slide_transition&quot;:&quot;fade&quot;,&quot;background_slideshow_transition_duration&quot;:500}\">\n\t\t\t\t\t<div class=\"e-con-inner\">\n\t\t<div class=\"elementor-element elementor-element-d5481f7 e-con-full e-flex e-con e-child\" data-id=\"d5481f7\" data-element_type=\"container\" data-e-type=\"container\">\n\t\t\t\t<div class=\"elementor-element elementor-element-38e193e elementor-widget elementor-widget-heading\" data-id=\"38e193e\" data-element_type=\"widget\" data-e-type=\"widget\" data-widget_type=\"heading.default\">\n\t\t\t\t<div class=\"elementor-widget-container\">\n\t\t\t\t\t<h2 class=\"elementor-heading-title elementor-size-default\"><b>Dispositifs 3S<\/b><br>S\u00e9curit\u00e9-S\u00fbret\u00e9-Secours<\/h2>\t\t\t\t<\/div>\n\t\t\t\t<\/div>\n\t\t\t\t<div class=\"elementor-element elementor-element-b48a7d8 elementor-widget elementor-widget-image\" data-id=\"b48a7d8\" data-element_type=\"widget\" data-e-type=\"widget\" data-widget_type=\"image.default\">\n\t\t\t\t<div class=\"elementor-widget-container\">\n\t\t\t\t\t\t\t\t\t\t\t\t\t\t\t<img decoding=\"async\" width=\"800\" height=\"400\" src=\"https:\/\/www.freevent.fr\/wp-content\/uploads\/2025\/07\/IMG_20180804_194028-1024x512.jpg\" class=\"attachment-large size-large wp-image-217\" alt=\"\" srcset=\"https:\/\/www.freevent.fr\/wp-content\/uploads\/2025\/07\/IMG_20180804_194028-1024x512.jpg 1024w, https:\/\/www.freevent.fr\/wp-content\/uploads\/2025\/07\/IMG_20180804_194028-300x150.jpg 300w, https:\/\/www.freevent.fr\/wp-content\/uploads\/2025\/07\/IMG_20180804_194028-768x384.jpg 768w, https:\/\/www.freevent.fr\/wp-content\/uploads\/2025\/07\/IMG_20180804_194028-1536x768.jpg 1536w, https:\/\/www.freevent.fr\/wp-content\/uploads\/2025\/07\/IMG_20180804_194028-2048x1024.jpg 2048w\" sizes=\"(max-width: 800px) 100vw, 800px\" \/>\t\t\t\t\t\t\t\t\t\t\t\t\t\t\t<\/div>\n\t\t\t\t<\/div>\n\t\t\t\t<\/div>\n\t\t<div class=\"elementor-element elementor-element-213c212 e-con-full e-flex e-con e-child\" data-id=\"213c212\" data-element_type=\"container\" data-e-type=\"container\">\n\t\t<div class=\"elementor-element elementor-element-e0588e0 e-con-full e-flex e-con e-child\" data-id=\"e0588e0\" data-element_type=\"container\" data-e-type=\"container\">\n\t\t\t\t<div class=\"elementor-element elementor-element-f55e7a2 elementor-widget elementor-widget-heading\" data-id=\"f55e7a2\" data-element_type=\"widget\" data-e-type=\"widget\" data-widget_type=\"heading.default\">\n\t\t\t\t<div class=\"elementor-widget-container\">\n\t\t\t\t\t<h2 class=\"elementor-heading-title elementor-size-default\"><b>Direction des op\u00e9rations<\/b><br>&amp; R\u00e9gie logistique<\/h2>\t\t\t\t<\/div>\n\t\t\t\t<\/div>\n\t\t\t\t<div class=\"elementor-element elementor-element-cf0878b elementor-widget elementor-widget-image\" data-id=\"cf0878b\" data-element_type=\"widget\" data-e-type=\"widget\" data-widget_type=\"image.default\">\n\t\t\t\t<div class=\"elementor-widget-container\">\n\t\t\t\t\t\t\t\t\t\t\t\t\t\t\t<img decoding=\"async\" width=\"800\" height=\"532\" src=\"https:\/\/www.freevent.fr\/wp-content\/uploads\/2025\/07\/DAN_6319b-1024x681.jpg\" class=\"attachment-large size-large wp-image-58\" alt=\"\" srcset=\"https:\/\/www.freevent.fr\/wp-content\/uploads\/2025\/07\/DAN_6319b-1024x681.jpg 1024w, https:\/\/www.freevent.fr\/wp-content\/uploads\/2025\/07\/DAN_6319b-300x200.jpg 300w, https:\/\/www.freevent.fr\/wp-content\/uploads\/2025\/07\/DAN_6319b-768x511.jpg 768w, https:\/\/www.freevent.fr\/wp-content\/uploads\/2025\/07\/DAN_6319b-1536x1022.jpg 1536w, https:\/\/www.freevent.fr\/wp-content\/uploads\/2025\/07\/DAN_6319b.jpg 2000w\" sizes=\"(max-width: 800px) 100vw, 800px\" \/>\t\t\t\t\t\t\t\t\t\t\t\t\t\t\t<\/div>\n\t\t\t\t<\/div>\n\t\t\t\t<\/div>\n\t\t\t\t<\/div>\n\t\t<div class=\"elementor-element elementor-element-c53a2a2 e-con-full e-flex e-con e-child\" data-id=\"c53a2a2\" data-element_type=\"container\" data-e-type=\"container\">\n\t\t\t\t<div class=\"elementor-element elementor-element-81a7e62 elementor-widget elementor-widget-heading\" data-id=\"81a7e62\" data-element_type=\"widget\" data-e-type=\"widget\" data-widget_type=\"heading.default\">\n\t\t\t\t<div class=\"elementor-widget-container\">\n\t\t\t\t\t<h2 class=\"elementor-heading-title elementor-size-default\"><b>Communication<\/b><br>Print &amp; Digital<\/h2>\t\t\t\t<\/div>\n\t\t\t\t<\/div>\n\t\t\t\t<div class=\"elementor-element elementor-element-a87bb4b elementor-widget elementor-widget-image\" data-id=\"a87bb4b\" data-element_type=\"widget\" data-e-type=\"widget\" data-widget_type=\"image.default\">\n\t\t\t\t<div class=\"elementor-widget-container\">\n\t\t\t\t\t\t\t\t\t\t\t\t\t\t\t<img loading=\"lazy\" decoding=\"async\" width=\"800\" height=\"800\" src=\"https:\/\/www.freevent.fr\/wp-content\/uploads\/2025\/07\/Gemini_Generated_Image_ps5vjtps5vjtps5v.png\" class=\"attachment-large size-large wp-image-218\" alt=\"\" srcset=\"https:\/\/www.freevent.fr\/wp-content\/uploads\/2025\/07\/Gemini_Generated_Image_ps5vjtps5vjtps5v.png 1000w, https:\/\/www.freevent.fr\/wp-content\/uploads\/2025\/07\/Gemini_Generated_Image_ps5vjtps5vjtps5v-300x300.png 300w, https:\/\/www.freevent.fr\/wp-content\/uploads\/2025\/07\/Gemini_Generated_Image_ps5vjtps5vjtps5v-150x150.png 150w, https:\/\/www.freevent.fr\/wp-content\/uploads\/2025\/07\/Gemini_Generated_Image_ps5vjtps5vjtps5v-768x768.png 768w\" sizes=\"(max-width: 800px) 100vw, 800px\" \/>\t\t\t\t\t\t\t\t\t\t\t\t\t\t\t<\/div>\n\t\t\t\t<\/div>\n\t\t\t\t<\/div>\n\t\t\t\t\t<\/div>\n\t\t\t\t<\/div>\n\t\t<div class=\"elementor-element elementor-element-3bc99be e-flex e-con-boxed e-con e-parent\" data-id=\"3bc99be\" data-element_type=\"container\" data-e-type=\"container\">\n\t\t\t\t\t<div class=\"e-con-inner\">\n\t\t\t\t<div class=\"elementor-element elementor-element-11bff64 elementor-widget elementor-widget-image\" data-id=\"11bff64\" data-element_type=\"widget\" data-e-type=\"widget\" data-widget_type=\"image.default\">\n\t\t\t\t<div class=\"elementor-widget-container\">\n\t\t\t\t\t\t\t\t\t\t\t\t\t\t\t<img loading=\"lazy\" decoding=\"async\" width=\"300\" height=\"174\" src=\"https:\/\/www.freevent.fr\/wp-content\/uploads\/2025\/07\/Fichier-9LOGO-300x174.webp\" class=\"attachment-medium size-medium wp-image-150\" alt=\"\" srcset=\"https:\/\/www.freevent.fr\/wp-content\/uploads\/2025\/07\/Fichier-9LOGO-300x174.webp 300w, https:\/\/www.freevent.fr\/wp-content\/uploads\/2025\/07\/Fichier-9LOGO-1024x593.webp 1024w, https:\/\/www.freevent.fr\/wp-content\/uploads\/2025\/07\/Fichier-9LOGO-768x445.webp 768w, https:\/\/www.freevent.fr\/wp-content\/uploads\/2025\/07\/Fichier-9LOGO.webp 1113w\" sizes=\"(max-width: 300px) 100vw, 300px\" \/>\t\t\t\t\t\t\t\t\t\t\t\t\t\t\t<\/div>\n\t\t\t\t<\/div>\n\t\t\t\t\t<\/div>\n\t\t\t\t<\/div>\n\t\t<div class=\"elementor-element elementor-element-2ffe12d6 e-flex e-con-boxed elementor-invisible e-con e-parent\" data-id=\"2ffe12d6\" data-element_type=\"container\" data-e-type=\"container\" data-settings=\"{&quot;animation&quot;:&quot;fadeIn&quot;}\">\n\t\t\t\t\t<div class=\"e-con-inner\">\n\t\t<div class=\"elementor-element elementor-element-d222d70 e-con-full e-flex e-con e-child\" data-id=\"d222d70\" data-element_type=\"container\" data-e-type=\"container\">\n\t\t\t\t<div class=\"elementor-element elementor-element-4a4497b0 elementor-widget elementor-widget-image\" data-id=\"4a4497b0\" data-element_type=\"widget\" data-e-type=\"widget\" data-widget_type=\"image.default\">\n\t\t\t\t<div class=\"elementor-widget-container\">\n\t\t\t\t\t\t\t\t\t\t\t\t\t\t\t<img loading=\"lazy\" decoding=\"async\" width=\"800\" height=\"533\" src=\"https:\/\/www.freevent.fr\/wp-content\/uploads\/2025\/07\/CEV-EUROVOLLEY-2019_CREDIT-CEV-2-1024x682.jpg\" class=\"attachment-large size-large wp-image-171\" alt=\"\" srcset=\"https:\/\/www.freevent.fr\/wp-content\/uploads\/2025\/07\/CEV-EUROVOLLEY-2019_CREDIT-CEV-2-1024x682.jpg 1024w, https:\/\/www.freevent.fr\/wp-content\/uploads\/2025\/07\/CEV-EUROVOLLEY-2019_CREDIT-CEV-2-300x200.jpg 300w, https:\/\/www.freevent.fr\/wp-content\/uploads\/2025\/07\/CEV-EUROVOLLEY-2019_CREDIT-CEV-2-768x511.jpg 768w, https:\/\/www.freevent.fr\/wp-content\/uploads\/2025\/07\/CEV-EUROVOLLEY-2019_CREDIT-CEV-2.jpg 1280w\" sizes=\"(max-width: 800px) 100vw, 800px\" \/>\t\t\t\t\t\t\t\t\t\t\t\t\t\t\t<\/div>\n\t\t\t\t<\/div>\n\t\t\t\t<\/div>\n\t\t<div class=\"elementor-element elementor-element-1630fdbd e-con-full e-flex e-con e-child\" data-id=\"1630fdbd\" data-element_type=\"container\" data-e-type=\"container\">\n\t\t\t\t<div class=\"elementor-element elementor-element-5faf3f2 elementor-widget elementor-widget-heading\" data-id=\"5faf3f2\" data-element_type=\"widget\" data-e-type=\"widget\" data-widget_type=\"heading.default\">\n\t\t\t\t<div class=\"elementor-widget-container\">\n\t\t\t\t\t<h3 class=\"elementor-heading-title elementor-size-default\">Concevoir, pr\u00e9parer.\nOrganiser, Piloter.<\/h3>\t\t\t\t<\/div>\n\t\t\t\t<\/div>\n\t\t\t\t<\/div>\n\t\t\t\t\t<\/div>\n\t\t\t\t<\/div>\n\t\t\t\t<\/div>\n\t\t","protected":false},"excerpt":{"rendered":"<p>Consultant au service de votre projet.<br \/>\nConseils \u00e9v\u00e9nements &#038; Communication.<\/p>\n","protected":false},"author":1,"featured_media":150,"parent":0,"menu_order":0,"comment_status":"closed","ping_status":"closed","template":"elementor_header_footer","meta":{"footnotes":""},"class_list":["post-121","page","type-page","status-publish","has-post-thumbnail","hentry"],"_links":{"self":[{"href":"https:\/\/www.freevent.fr\/index.php\/wp-json\/wp\/v2\/pages\/121","targetHints":{"allow":["GET"]}}],"collection":[{"href":"https:\/\/www.freevent.fr\/index.php\/wp-json\/wp\/v2\/pages"}],"about":[{"href":"https:\/\/www.freevent.fr\/index.php\/wp-json\/wp\/v2\/types\/page"}],"author":[{"embeddable":true,"href":"https:\/\/www.freevent.fr\/index.php\/wp-json\/wp\/v2\/users\/1"}],"replies":[{"embeddable":true,"href":"https:\/\/www.freevent.fr\/index.php\/wp-json\/wp\/v2\/comments?post=121"}],"version-history":[{"count":43,"href":"https:\/\/www.freevent.fr\/index.php\/wp-json\/wp\/v2\/pages\/121\/revisions"}],"predecessor-version":[{"id":358,"href":"https:\/\/www.freevent.fr\/index.php\/wp-json\/wp\/v2\/pages\/121\/revisions\/358"}],"wp:featuredmedia":[{"embeddable":true,"href":"https:\/\/www.freevent.fr\/index.php\/wp-json\/wp\/v2\/media\/150"}],"wp:attachment":[{"href":"https:\/\/www.freevent.fr\/index.php\/wp-json\/wp\/v2\/media?parent=121"}],"curies":[{"name":"wp","href":"https:\/\/api.w.org\/{rel}","templated":true}]}}