{"id":107,"date":"2025-07-20T10:13:16","date_gmt":"2025-07-20T10:13:16","guid":{"rendered":"https:\/\/freeves.cluster021.hosting.ovh.net\/index.php\/about-us\/"},"modified":"2025-07-20T19:43:54","modified_gmt":"2025-07-20T19:43:54","slug":"about-us","status":"publish","type":"page","link":"https:\/\/www.freevent.fr\/index.php\/about-us\/","title":{"rendered":"Qui suis-je ?"},"content":{"rendered":"\t\t<div data-elementor-type=\"wp-page\" data-elementor-id=\"107\" class=\"elementor elementor-107\">\n\t\t\t\t<div class=\"elementor-element elementor-element-67d463de e-flex e-con-boxed elementor-invisible e-con e-parent\" data-id=\"67d463de\" data-element_type=\"container\" data-e-type=\"container\" data-settings=\"{&quot;animation&quot;:&quot;fadeIn&quot;}\">\n\t\t\t\t\t<div class=\"e-con-inner\">\n\t\t\t\t<div class=\"elementor-element elementor-element-78d2d282 elementor-widget elementor-widget-flex-hero\" data-id=\"78d2d282\" data-element_type=\"widget\" data-e-type=\"widget\" data-settings=\"{&quot;image_shape&quot;:&quot;rounded&quot;,&quot;layout_image_position_tablet&quot;:&quot;end&quot;,&quot;layout_preset&quot;:&quot;showcase&quot;,&quot;layout_column_structure&quot;:&quot;50-50&quot;,&quot;layout_image_position&quot;:&quot;end&quot;,&quot;primary_button_shape&quot;:&quot;default&quot;,&quot;box_shape&quot;:&quot;sharp&quot;}\" data-widget_type=\"flex-hero.default\">\n\t\t\t\t<div class=\"elementor-widget-container\">\n\t\t\t\t\t\t\t<div class=\"has-shape-sharp shape-type-box has-column-structure-50-50  ehp-flex-hero has-layout-preset-showcase has-image-position-end has-image-position-md-end\">\n\t\t\t\t\t\t<div class=\"ehp-flex-hero__overlay\"><\/div>\n\t\t\t<div class=\"ehp-flex-hero__content-container\">\n\t\t\t\t<h2 class=\"ehp-flex-hero__heading\">Qui suis-je ?<\/h2><h3 class=\"ehp-flex-hero__subheading\">Avec plus de 30 ann\u00e9es d'exp\u00e9rience temps plein dans l'organisation d'\u00e9v\u00e9nements sportifs, j'exerce ce m\u00e9tier-passion dans ce secteur si particulier...<br>... Celui de l'\u00e9ph\u00e9m\u00e8re, qui impose une certaine humilit\u00e9 quelque que soit la teneur des CV de chacun. <br>... Celui de la discr\u00e9tion, car les projecteurs ne s'int\u00e9ressent qu'aux sportifs, aux partenaires et aux spectateurs. <br>... Celui de la polyvalence, de la disponibilit\u00e9, de la rigueur, de l'esprit d'\u00e9quipe, de la gestion du stress, de l'\u00e9cole du bon sens.<br><br>Celui o\u00f9 aucune journ\u00e9e ne ressemble \u00e0 la pr\u00e9c\u00e9dente.<\/h3>\t\t\t<div class=\"ehp-flex-hero__ctas-container\">\n\t\t\t\t\t\t\t\t\t\t\t<\/div>\n\t\t\t\t\t<\/div>\n\t\t\t\t<div class=\"ehp-flex-hero__image-wrapper\">\n\t\t\t\t\t<div class=\"ehp-image ehp-flex-hero__image-container\">\n\t\t\t\t<img decoding=\"async\" class=\"ehp-image__img ehp-flex-hero__img has-shape-rounded shape-type-image\" src=\"https:\/\/www.freevent.fr\/wp-content\/uploads\/2025\/07\/pexels-tamara-elnova-218645958-11896399-scaled.jpg\" title=\"pexels-tamara-elnova-218645958-11896399\" alt=\"pexels-tamara-elnova-218645958-11896399\" loading=\"lazy\" \/>\t\t\t<\/div>\n\t\t\t\t\t<\/div>\n\t\t\t\t<\/div>\n\t\t\t\t\t\t<\/div>\n\t\t\t\t<\/div>\n\t\t\t\t\t<\/div>\n\t\t\t\t<\/div>\n\t\t\t\t<\/div>\n\t\t","protected":false},"excerpt":{"rendered":"<p>Qui suis-je ? Avec plus de 30 ann\u00e9es d&rsquo;exp\u00e9rience temps plein dans l&rsquo;organisation d&rsquo;\u00e9v\u00e9nements sportifs, j&rsquo;exerce ce m\u00e9tier-passion dans ce secteur si particulier&#8230;&#8230; Celui de l&rsquo;\u00e9ph\u00e9m\u00e8re, qui impose une certaine humilit\u00e9 quelque que soit la teneur des CV de chacun. &#8230; Celui de la discr\u00e9tion, car les projecteurs ne s&rsquo;int\u00e9ressent qu&rsquo;aux sportifs, aux partenaires et [&hellip;]<\/p>\n","protected":false},"author":1,"featured_media":0,"parent":0,"menu_order":0,"comment_status":"closed","ping_status":"closed","template":"elementor_header_footer","meta":{"footnotes":""},"class_list":["post-107","page","type-page","status-publish","hentry"],"_links":{"self":[{"href":"https:\/\/www.freevent.fr\/index.php\/wp-json\/wp\/v2\/pages\/107","targetHints":{"allow":["GET"]}}],"collection":[{"href":"https:\/\/www.freevent.fr\/index.php\/wp-json\/wp\/v2\/pages"}],"about":[{"href":"https:\/\/www.freevent.fr\/index.php\/wp-json\/wp\/v2\/types\/page"}],"author":[{"embeddable":true,"href":"https:\/\/www.freevent.fr\/index.php\/wp-json\/wp\/v2\/users\/1"}],"replies":[{"embeddable":true,"href":"https:\/\/www.freevent.fr\/index.php\/wp-json\/wp\/v2\/comments?post=107"}],"version-history":[{"count":11,"href":"https:\/\/www.freevent.fr\/index.php\/wp-json\/wp\/v2\/pages\/107\/revisions"}],"predecessor-version":[{"id":228,"href":"https:\/\/www.freevent.fr\/index.php\/wp-json\/wp\/v2\/pages\/107\/revisions\/228"}],"wp:attachment":[{"href":"https:\/\/www.freevent.fr\/index.php\/wp-json\/wp\/v2\/media?parent=107"}],"curies":[{"name":"wp","href":"https:\/\/api.w.org\/{rel}","templated":true}]}}